{"id":786,"date":"2025-12-01T17:36:16","date_gmt":"2025-12-01T17:36:16","guid":{"rendered":"https:\/\/positanoscooter.com\/?page_id=786"},"modified":"2026-01-15T08:51:30","modified_gmt":"2026-01-15T08:51:30","slug":"termini-e-condizioni","status":"publish","type":"page","link":"https:\/\/positanoscooter.com\/it\/termini-e-condizioni\/","title":{"rendered":"Termini e condizioni"},"content":{"rendered":"<style>.kb-row-layout-id786_1df8a3-cd > .kt-row-column-wrap{align-content:start;}:where(.kb-row-layout-id786_1df8a3-cd > .kt-row-column-wrap) > .wp-block-kadence-column{justify-content:start;}.kb-row-layout-id786_1df8a3-cd > .kt-row-column-wrap{column-gap:var(--global-kb-gap-md, 2rem);row-gap:var(--global-kb-gap-md, 2rem);padding-top:var(--global-kb-spacing-4xl, 8rem);padding-bottom:0px;grid-template-columns:minmax(0, 1fr);}.kb-row-layout-id786_1df8a3-cd{background-color:#fafff4;}.kb-row-layout-id786_1df8a3-cd > .kt-row-layout-overlay{opacity:0.30;}.kb-row-layout-id786_1df8a3-cd{z-index:5;position:relative;}@media all and (max-width: 1024px){.kb-row-layout-id786_1df8a3-cd > .kt-row-column-wrap{grid-template-columns:minmax(0, 1fr);}}@media all and (max-width: 767px){.kb-row-layout-id786_1df8a3-cd > .kt-row-column-wrap{grid-template-columns:minmax(0, 1fr);}}<\/style><div class=\"kb-row-layout-wrap kb-row-layout-id786_1df8a3-cd alignnone kt-row-has-bg wp-block-kadence-rowlayout\"><div class=\"kt-row-column-wrap kt-has-1-columns kt-row-layout-equal kt-tab-layout-inherit kt-mobile-layout-row kt-row-valign-top\">\n<style>.kadence-column786_539e11-e5 > .kt-inside-inner-col,.kadence-column786_539e11-e5 > .kt-inside-inner-col:before{border-top-left-radius:0px;border-top-right-radius:0px;border-bottom-right-radius:0px;border-bottom-left-radius:0px;}.kadence-column786_539e11-e5 > .kt-inside-inner-col{column-gap:var(--global-kb-gap-sm, 1rem);}.kadence-column786_539e11-e5 > .kt-inside-inner-col{flex-direction:column;}.kadence-column786_539e11-e5 > .kt-inside-inner-col > .aligncenter{width:100%;}.kadence-column786_539e11-e5 > .kt-inside-inner-col:before{opacity:0.3;}.kadence-column786_539e11-e5{position:relative;}@media all and (max-width: 1024px){.kadence-column786_539e11-e5 > .kt-inside-inner-col{flex-direction:column;justify-content:center;}}@media all and (max-width: 767px){.kadence-column786_539e11-e5 > .kt-inside-inner-col{flex-direction:column;justify-content:center;}}<\/style>\n<div class=\"wp-block-kadence-column kadence-column786_539e11-e5\"><div class=\"kt-inside-inner-col\"><style>.kb-row-layout-wrap.wp-block-kadence-rowlayout.kb-row-layout-id786_e62e99-93{margin-bottom:-20px;}.kb-row-layout-id786_e62e99-93 > .kt-row-column-wrap{align-content:start;}:where(.kb-row-layout-id786_e62e99-93 > .kt-row-column-wrap) > .wp-block-kadence-column{justify-content:start;}.kb-row-layout-id786_e62e99-93 > .kt-row-column-wrap{column-gap:var(--global-kb-gap-md, 2rem);row-gap:var(--global-kb-gap-md, 2rem);max-width:var( --global-content-width, 1290px );padding-left:var(--global-content-edge-padding);padding-right:var(--global-content-edge-padding);padding-top:var(--global-kb-spacing-sm, 1.5rem);padding-bottom:0px;grid-template-columns:minmax(0, 1fr);}.kb-row-layout-id786_e62e99-93 > .kt-row-layout-overlay{opacity:0.30;}@media all and (max-width: 1024px){.kb-row-layout-id786_e62e99-93 > .kt-row-column-wrap{padding-right:var(--global-kb-spacing-md, 2rem);padding-left:var(--global-kb-spacing-md, 2rem);grid-template-columns:minmax(0, 1fr);}}@media all and (max-width: 767px){.kb-row-layout-id786_e62e99-93 > .kt-row-column-wrap{grid-template-columns:minmax(0, 1fr);}}<\/style><div class=\"kb-row-layout-wrap kb-row-layout-id786_e62e99-93 alignnone wp-block-kadence-rowlayout\"><div class=\"kt-row-column-wrap kt-has-1-columns kt-row-layout-equal kt-tab-layout-inherit kt-mobile-layout-row kt-row-valign-top kb-theme-content-width\">\n<style>.kadence-column786_92e068-3f > .kt-inside-inner-col{display:flex;}.kadence-column786_92e068-3f > .kt-inside-inner-col,.kadence-column786_92e068-3f > .kt-inside-inner-col:before{border-top-left-radius:0px;border-top-right-radius:0px;border-bottom-right-radius:0px;border-bottom-left-radius:0px;}.kadence-column786_92e068-3f > .kt-inside-inner-col{column-gap:var(--global-kb-gap-sm, 1rem);}.kadence-column786_92e068-3f > .kt-inside-inner-col{flex-direction:column;align-items:flex-start;}.kadence-column786_92e068-3f > .kt-inside-inner-col > .kb-image-is-ratio-size{align-self:stretch;}.kadence-column786_92e068-3f > .kt-inside-inner-col > .wp-block-kadence-advancedgallery{align-self:stretch;}.kadence-column786_92e068-3f > .kt-inside-inner-col > .aligncenter{width:100%;}.kadence-column786_92e068-3f > .kt-inside-inner-col:before{opacity:0.3;}.kadence-column786_92e068-3f{position:relative;}@media all and (max-width: 1024px){.kadence-column786_92e068-3f > .kt-inside-inner-col{flex-direction:column;justify-content:center;align-items:flex-start;}}@media all and (max-width: 767px){.kadence-column786_92e068-3f > .kt-inside-inner-col{flex-direction:column;justify-content:center;align-items:flex-start;}}<\/style>\n<div class=\"wp-block-kadence-column kadence-column786_92e068-3f\"><div class=\"kt-inside-inner-col\"><style>.wp-block-kadence-advancedheading.kt-adv-heading786_8767cc-99, .wp-block-kadence-advancedheading.kt-adv-heading786_8767cc-99[data-kb-block=\"kb-adv-heading786_8767cc-99\"]{padding-top:var(--global-kb-spacing-sm, 1.5rem);padding-bottom:var(--global-kb-spacing-xxs, 0.5rem);margin-bottom:0px;font-size:var(--global-kb-font-size-xxl, 4rem);font-weight:500;font-style:normal;font-family:Gabarito;}.wp-block-kadence-advancedheading.kt-adv-heading786_8767cc-99 mark.kt-highlight, .wp-block-kadence-advancedheading.kt-adv-heading786_8767cc-99[data-kb-block=\"kb-adv-heading786_8767cc-99\"] mark.kt-highlight{font-style:normal;color:#f76a0c;-webkit-box-decoration-break:clone;box-decoration-break:clone;padding-top:0px;padding-right:0px;padding-bottom:0px;padding-left:0px;}.wp-block-kadence-advancedheading.kt-adv-heading786_8767cc-99 img.kb-inline-image, .wp-block-kadence-advancedheading.kt-adv-heading786_8767cc-99[data-kb-block=\"kb-adv-heading786_8767cc-99\"] img.kb-inline-image{width:150px;vertical-align:baseline;}<\/style>\n<h1 class=\"kt-adv-heading786_8767cc-99 wp-block-kadence-advancedheading has-theme-palette-1-color has-text-color\" data-kb-block=\"kb-adv-heading786_8767cc-99\">Termini e Condizioni<\/h1>\n\n\n<style>.wp-block-kadence-advancedheading.kt-adv-heading786_20a42b-d7, .wp-block-kadence-advancedheading.kt-adv-heading786_20a42b-d7[data-kb-block=\"kb-adv-heading786_20a42b-d7\"]{display:block;padding-top:var(--global-kb-spacing-sm, 1.5rem);line-height:1.7;font-weight:400;font-style:normal;font-family:Gabarito;}.wp-block-kadence-advancedheading.kt-adv-heading786_20a42b-d7 mark.kt-highlight, .wp-block-kadence-advancedheading.kt-adv-heading786_20a42b-d7[data-kb-block=\"kb-adv-heading786_20a42b-d7\"] mark.kt-highlight{font-style:normal;color:#f76a0c;-webkit-box-decoration-break:clone;box-decoration-break:clone;padding-top:0px;padding-right:0px;padding-bottom:0px;padding-left:0px;}.wp-block-kadence-advancedheading.kt-adv-heading786_20a42b-d7 img.kb-inline-image, .wp-block-kadence-advancedheading.kt-adv-heading786_20a42b-d7[data-kb-block=\"kb-adv-heading786_20a42b-d7\"] img.kb-inline-image{width:150px;vertical-align:baseline;}<\/style>\n<span class=\"kt-adv-heading786_20a42b-d7 text-lg-font-size wp-block-kadence-advancedheading has-theme-palette-4-color has-text-color\" data-kb-block=\"kb-adv-heading786_20a42b-d7\"><strong>Deposito:<\/strong><br>Deposito cauzionale di \u20ac 300 per ogni scooter noleggiato (pre-autorizzazione su carta di credito o in contanti) \u2013 \u20ac 400 per Vespa Primavera 125cc.<br><br><strong>Le tariffe includono:<\/strong><br>Chilometri illimitati, assicurazione RCA, tasse, IVA 22%, caschi omologati, sostituzione dello scooter in caso di guasto o incidente.<br><br><strong>Le tariffe non includono:<\/strong><br>Carburante, multe generiche e sanzioni per infrazioni o per mancato pagamento dei pedaggi autostradali.<br><br><strong>Pagamenti:<\/strong><br>I pagamenti possono essere effettuati con carta di credito dei circuiti VISA e MASTERCARD, in contanti e con PayPal.<br><br><strong>Documenti e et\u00e0 richiesti:<\/strong><br>\u2013 Documento di identit\u00e0 valido<br>\u2013 Patente di guida valida come segue:<br>50cc: Patente categoria AM\/A\/B secondo standard europeo o equivalente internazionale. Et\u00e0 minima 18 (diciotto) anni.<br>125cc: Patente categoria A\/B secondo standard europeo o equivalente internazionale. Et\u00e0 minima 18 (diciotto) anni.<br>300cc: Patente categoria A secondo standard europeo o equivalente internazionale. Et\u00e0 minima 18 (diciotto) anni.<br>Si precisa che tutti i cittadini extra-europei, con una patente che non \u00e8 conforme agli standard dell\u2019Unione Europea, devono essere in possesso di un permesso di guida internazionale.<br><br><strong>Furti:<\/strong><br>In caso di furto parziale o totale del veicolo, il Cliente deve riconsegnare a Sorrento Trips le chiavi originali dello scooter e la denuncia di furto presentata alle Autorit\u00e0 competenti. Al Cliente verr\u00e0 addebitata una penale pari alla valutazione commerciale del veicolo, riportata da Eurotax Giallo al momento del furto, oltre al valore degli optional e di eventuali accessori\/allestimenti.<br><br><strong>Politica di cancellazione:<\/strong><br>Cancellazioni oltre 15 giorni prima della data di arrivo: rimborso totale<br>Cancellazioni tra 14 e 7 giorni prima della data di arrivo: rimborso del 50%<br>Cancellazioni a meno di 7 giorni prima della data di arrivo: verr\u00e0 addebitato l\u2019intero importo<br>In caso di no-show: verr\u00e0 addebitato l\u2019intero importo<br>Se al momento della consegna dello scooter l\u2019ospite non sar\u00e0 in grado di guidarlo, lo scooter non verr\u00e0 consegnato e verr\u00e0 addebitato l\u2019intero importo.<br><br><strong>Altre note:<\/strong><br>Il periodo di noleggio inizia nel giorno e all\u2019orario di consegna dello scooter e termina nel giorno e all\u2019orario di riconsegna dello scooter. Ogni giorno di noleggio \u00e8 composto da 24 ore. Trascorse le 24 ore, in caso di ritardo nella riconsegna, verr\u00e0 addebitato un giorno extra.<br>Nei periodi di alta stagione (giugno, luglio e agosto) \u00e8 richiesta una flessibilit\u00e0 di 60 minuti per ogni consegna\/ritiro effettuati fuori dal nostro ufficio.<br>Si consiglia vivamente di contattare il nostro ufficio almeno 24 ore prima del giorno del noleggio per definire orario e dettagli.<\/span>\n<\/div><\/div>\n\n<\/div><\/div><\/div><\/div>\n\n<\/div><\/div>","protected":false},"excerpt":{"rendered":"<p>Termini e Condizioni Deposito:Deposito cauzionale di \u20ac 300 per ogni scooter noleggiato (pre-autorizzazione su carta di credito o in contanti) \u2013 \u20ac 400 per Vespa Primavera 125cc. Le tariffe includono:Chilometri illimitati, assicurazione RCA, tasse, IVA 22%, caschi omologati, sostituzione dello scooter in caso di guasto o incidente. Le tariffe non includono:Carburante, multe generiche e sanzioni&#8230;<\/p>\n","protected":false},"author":1,"featured_media":0,"parent":0,"menu_order":0,"comment_status":"closed","ping_status":"open","template":"","meta":{"_acf_changed":false,"_kad_blocks_custom_css":"","_kad_blocks_head_custom_js":"","_kad_blocks_body_custom_js":"","_kad_blocks_footer_custom_js":"","_kadence_starter_templates_imported_post":false,"_kad_post_transparent":"enable","_kad_post_title":"hide","_kad_post_layout":"fullwidth","_kad_post_sidebar_id":"","_kad_post_content_style":"unboxed","_kad_post_vertical_padding":"hide","_kad_post_feature":"hide","_kad_post_feature_position":"","_kad_post_header":false,"_kad_post_footer":false,"_kad_post_classname":"","footnotes":""},"class_list":["post-786","page","type-page","status-publish","hentry"],"acf":[],"yoast_head":"<!-- This site is optimized with the Yoast SEO plugin v26.8 - https:\/\/yoast.com\/product\/yoast-seo-wordpress\/ -->\n<title>Termini e condizioni - Positano Scooter<\/title>\n<meta name=\"description\" content=\"Termini noleggio scooter: deposito, documenti, pagamenti, assicurazione, cancellazioni, furto e regole di consegna e riconsegna.\" \/>\n<meta name=\"robots\" content=\"index, follow, max-snippet:-1, max-image-preview:large, max-video-preview:-1\" \/>\n<link rel=\"canonical\" href=\"https:\/\/positanoscooter.com\/it\/termini-e-condizioni\/\" \/>\n<meta property=\"og:locale\" content=\"it_IT\" \/>\n<meta property=\"og:type\" content=\"article\" \/>\n<meta property=\"og:title\" content=\"Termini e condizioni - Positano Scooter\" \/>\n<meta property=\"og:description\" content=\"Termini noleggio scooter: deposito, documenti, pagamenti, assicurazione, cancellazioni, furto e regole di consegna e riconsegna.\" \/>\n<meta property=\"og:url\" content=\"https:\/\/positanoscooter.com\/it\/termini-e-condizioni\/\" \/>\n<meta property=\"og:site_name\" content=\"Positano Scooter\" \/>\n<meta property=\"article:modified_time\" content=\"2026-01-15T08:51:30+00:00\" \/>\n<meta name=\"twitter:card\" content=\"summary_large_image\" \/>\n<meta name=\"twitter:label1\" content=\"Tempo di lettura stimato\" \/>\n\t<meta name=\"twitter:data1\" content=\"3 minuti\" \/>\n<!-- \/ Yoast SEO plugin. -->","yoast_head_json":{"title":"Termini e condizioni - Positano Scooter","description":"Termini noleggio scooter: deposito, documenti, pagamenti, assicurazione, cancellazioni, furto e regole di consegna e riconsegna.","robots":{"index":"index","follow":"follow","max-snippet":"max-snippet:-1","max-image-preview":"max-image-preview:large","max-video-preview":"max-video-preview:-1"},"canonical":"https:\/\/positanoscooter.com\/it\/termini-e-condizioni\/","og_locale":"it_IT","og_type":"article","og_title":"Termini e condizioni - Positano Scooter","og_description":"Termini noleggio scooter: deposito, documenti, pagamenti, assicurazione, cancellazioni, furto e regole di consegna e riconsegna.","og_url":"https:\/\/positanoscooter.com\/it\/termini-e-condizioni\/","og_site_name":"Positano Scooter","article_modified_time":"2026-01-15T08:51:30+00:00","twitter_card":"summary_large_image","twitter_misc":{"Tempo di lettura stimato":"3 minuti"},"schema":{"@context":"https:\/\/schema.org","@graph":[{"@type":"WebPage","@id":"https:\/\/positanoscooter.com\/it\/termini-e-condizioni\/","url":"https:\/\/positanoscooter.com\/it\/termini-e-condizioni\/","name":"Termini e condizioni - Positano Scooter","isPartOf":{"@id":"https:\/\/positanoscooter.com\/it\/#website"},"datePublished":"2025-12-01T17:36:16+00:00","dateModified":"2026-01-15T08:51:30+00:00","description":"Termini noleggio scooter: deposito, documenti, pagamenti, assicurazione, cancellazioni, furto e regole di consegna e riconsegna.","breadcrumb":{"@id":"https:\/\/positanoscooter.com\/it\/termini-e-condizioni\/#breadcrumb"},"inLanguage":"it-IT","potentialAction":[{"@type":"ReadAction","target":["https:\/\/positanoscooter.com\/it\/termini-e-condizioni\/"]}]},{"@type":"BreadcrumbList","@id":"https:\/\/positanoscooter.com\/it\/termini-e-condizioni\/#breadcrumb","itemListElement":[{"@type":"ListItem","position":1,"name":"Home","item":"https:\/\/positanoscooter.com\/it\/"},{"@type":"ListItem","position":2,"name":"Termini e condizioni"}]},{"@type":"WebSite","@id":"https:\/\/positanoscooter.com\/it\/#website","url":"https:\/\/positanoscooter.com\/it\/","name":"Positano Scooter","description":"","publisher":{"@id":"https:\/\/positanoscooter.com\/it\/#organization"},"potentialAction":[{"@type":"SearchAction","target":{"@type":"EntryPoint","urlTemplate":"https:\/\/positanoscooter.com\/it\/?s={search_term_string}"},"query-input":{"@type":"PropertyValueSpecification","valueRequired":true,"valueName":"search_term_string"}}],"inLanguage":"it-IT"},{"@type":"Organization","@id":"https:\/\/positanoscooter.com\/it\/#organization","name":"Positano Scooter","url":"https:\/\/positanoscooter.com\/it\/","logo":{"@type":"ImageObject","inLanguage":"it-IT","@id":"https:\/\/positanoscooter.com\/it\/#\/schema\/logo\/image\/","url":"https:\/\/positanoscooter.com\/wp-content\/uploads\/2025\/11\/cropped-logo-ps-2023-1.png","contentUrl":"https:\/\/positanoscooter.com\/wp-content\/uploads\/2025\/11\/cropped-logo-ps-2023-1.png","width":160,"height":120,"caption":"Positano Scooter"},"image":{"@id":"https:\/\/positanoscooter.com\/it\/#\/schema\/logo\/image\/"}}]}},"taxonomy_info":[],"featured_image_src_large":false,"author_info":{"display_name":"amministrazione@tonicadigital.it","author_link":"https:\/\/positanoscooter.com\/it\/author\/amministrazionetonicadigital-it\/"},"comment_info":0,"_links":{"self":[{"href":"https:\/\/positanoscooter.com\/it\/wp-json\/wp\/v2\/pages\/786","targetHints":{"allow":["GET"]}}],"collection":[{"href":"https:\/\/positanoscooter.com\/it\/wp-json\/wp\/v2\/pages"}],"about":[{"href":"https:\/\/positanoscooter.com\/it\/wp-json\/wp\/v2\/types\/page"}],"author":[{"embeddable":true,"href":"https:\/\/positanoscooter.com\/it\/wp-json\/wp\/v2\/users\/1"}],"replies":[{"embeddable":true,"href":"https:\/\/positanoscooter.com\/it\/wp-json\/wp\/v2\/comments?post=786"}],"version-history":[{"count":0,"href":"https:\/\/positanoscooter.com\/it\/wp-json\/wp\/v2\/pages\/786\/revisions"}],"wp:attachment":[{"href":"https:\/\/positanoscooter.com\/it\/wp-json\/wp\/v2\/media?parent=786"}],"curies":[{"name":"wp","href":"https:\/\/api.w.org\/{rel}","templated":true}]}}